{"id":63,"date":"2023-06-07T14:01:59","date_gmt":"2023-06-07T14:01:59","guid":{"rendered":"http:\/\/ateliersdecritureophliecourtain.local\/?page_id=63"},"modified":"2023-11-29T16:43:07","modified_gmt":"2023-11-29T16:43:07","slug":"contact","status":"publish","type":"page","link":"https:\/\/opheliecourtain.com\/?page_id=63","title":{"rendered":"Contact"},"content":{"rendered":"\t\t<div data-elementor-type=\"wp-page\" data-elementor-id=\"63\" class=\"elementor elementor-63\">\n\t\t\t\t\t\t\t<div class=\"elementor-element elementor-element-b8fea0c e-con-full e-flex e-con e-parent\" data-id=\"b8fea0c\" data-element_type=\"container\" data-settings=\"{&quot;content_width&quot;:&quot;full&quot;,&quot;background_background&quot;:&quot;classic&quot;,&quot;container_type&quot;:&quot;flex&quot;}\" data-core-v316-plus=\"true\">\n\t\t<div class=\"elementor-element elementor-element-2972103 e-con-full e-flex e-con e-child\" data-id=\"2972103\" data-element_type=\"container\" data-settings=\"{&quot;content_width&quot;:&quot;full&quot;,&quot;container_type&quot;:&quot;flex&quot;}\">\n\t\t\t\t<div class=\"elementor-element elementor-element-de3fd69 elementor-widget elementor-widget-heading\" data-id=\"de3fd69\" data-element_type=\"widget\" data-widget_type=\"heading.default\">\n\t\t\t\t<div class=\"elementor-widget-container\">\n\t\t\t<style>\/*! elementor - v3.17.0 - 08-11-2023 *\/\n.elementor-heading-title{padding:0;margin:0;line-height:1}.elementor-widget-heading .elementor-heading-title[class*=elementor-size-]>a{color:inherit;font-size:inherit;line-height:inherit}.elementor-widget-heading .elementor-heading-title.elementor-size-small{font-size:15px}.elementor-widget-heading .elementor-heading-title.elementor-size-medium{font-size:19px}.elementor-widget-heading .elementor-heading-title.elementor-size-large{font-size:29px}.elementor-widget-heading .elementor-heading-title.elementor-size-xl{font-size:39px}.elementor-widget-heading .elementor-heading-title.elementor-size-xxl{font-size:59px}<\/style><h2 class=\"elementor-heading-title elementor-size-default\">Contact<\/h2>\t\t<\/div>\n\t\t\t\t<\/div>\n\t\t\t\t<div class=\"elementor-element elementor-element-70c1530 elementor-widget elementor-widget-text-editor\" data-id=\"70c1530\" data-element_type=\"widget\" data-widget_type=\"text-editor.default\">\n\t\t\t\t<div class=\"elementor-widget-container\">\n\t\t\t<style>\/*! elementor - v3.17.0 - 08-11-2023 *\/\n.elementor-widget-text-editor.elementor-drop-cap-view-stacked .elementor-drop-cap{background-color:#69727d;color:#fff}.elementor-widget-text-editor.elementor-drop-cap-view-framed .elementor-drop-cap{color:#69727d;border:3px solid;background-color:transparent}.elementor-widget-text-editor:not(.elementor-drop-cap-view-default) .elementor-drop-cap{margin-top:8px}.elementor-widget-text-editor:not(.elementor-drop-cap-view-default) .elementor-drop-cap-letter{width:1em;height:1em}.elementor-widget-text-editor .elementor-drop-cap{float:left;text-align:center;line-height:1;font-size:50px}.elementor-widget-text-editor .elementor-drop-cap-letter{display:inline-block}<\/style>\t\t\t\t<p>N&rsquo;h\u00e9sitez pas \u00e0 me poser toutes vos questions par mail.\u00a0<br \/><span style=\"font-size: 16px; letter-spacing: 0px; word-spacing: 0em;\">J&rsquo;y r\u00e9pondrai le plus rapidement possible.<\/span><\/p>\t\t\t\t\t\t<\/div>\n\t\t\t\t<\/div>\n\t\t\t\t<div class=\"elementor-element elementor-element-c8f384c elementor-widget elementor-widget-formidable\" data-id=\"c8f384c\" data-element_type=\"widget\" data-widget_type=\"formidable.default\">\n\t\t\t\t<div class=\"elementor-widget-container\">\n\t\t\t<div class=\"frm_forms  with_frm_style frm_style_style-formidable\" id=\"frm_form_2_container\" data-token=\"76fce1993efddd35f943368ec85c4ac7\">\n<form enctype=\"multipart\/form-data\" method=\"post\" class=\"frm-show-form \" id=\"form_contact\"  data-token=\"76fce1993efddd35f943368ec85c4ac7\">\n<div class=\"frm_form_fields \">\n<fieldset>\n<legend class=\"frm_screen_reader\">Contact<\/legend>\r\n\r\n<div class=\"frm_fields_container\">\n<input type=\"hidden\" name=\"frm_action\" value=\"create\" \/>\n<input type=\"hidden\" name=\"form_id\" value=\"2\" \/>\n<input type=\"hidden\" name=\"frm_hide_fields_2\" id=\"frm_hide_fields_2\" value=\"\" \/>\n<input type=\"hidden\" name=\"form_key\" value=\"contact\" \/>\n<input type=\"hidden\" name=\"item_meta[0]\" value=\"\" \/>\n<input type=\"hidden\" id=\"frm_submit_entry_2\" name=\"frm_submit_entry_2\" value=\"0fecb1486e\" \/><input type=\"hidden\" name=\"_wp_http_referer\" value=\"\/index.php?rest_route=%2Fwp%2Fv2%2Fpages%2F63\" \/><div id=\"frm_field_7_container\" class=\"frm_form_field form-field  frm_required_field frm_top_container frm6 frm_first frm12\">\r\n    <label for=\"field_pmd5s\" id=\"field_pmd5s_label\" class=\"frm_primary_label\">Nom\r\n        <span class=\"frm_required\" aria-hidden=\"true\">*<\/span>\r\n    <\/label>\r\n    <input type=\"text\" id=\"field_pmd5s\" name=\"item_meta[7]\" value=\"\"  data-reqmsg=\"Ce champ ne peut pas \u00eatre vide\" aria-required=\"true\" data-invmsg=\"texte est non valide\" aria-invalid=\"false\"  \/>\r\n    \r\n    \r\n<\/div>\n<div id=\"frm_field_6_container\" class=\"frm_form_field form-field  frm_required_field frm_top_container frm6\">\r\n    <label for=\"field_vqwng\" id=\"field_vqwng_label\" class=\"frm_primary_label\">Pr\u00e9nom\r\n        <span class=\"frm_required\" aria-hidden=\"true\">*<\/span>\r\n    <\/label>\r\n    <input type=\"text\" id=\"field_vqwng\" name=\"item_meta[6]\" value=\"\"  data-reqmsg=\"Ce champ ne peut pas \u00eatre vide\" aria-required=\"true\" data-invmsg=\"texte est non valide\" aria-invalid=\"false\"  \/>\r\n    \r\n    \r\n<\/div>\n<div id=\"frm_field_20_container\" class=\"frm_form_field form-field  frm_required_field frm_top_container\">\r\n    <label for=\"field_1h916\" id=\"field_1h916_label\" class=\"frm_primary_label\">Email\r\n        <span class=\"frm_required\" aria-hidden=\"true\">*<\/span>\r\n    <\/label>\r\n    <input type=\"email\" id=\"field_1h916\" name=\"item_meta[20]\" value=\"\"  data-reqmsg=\"Ce champ ne peut pas \u00eatre vide\" aria-required=\"true\" data-invmsg=\"Email est non valide\" aria-invalid=\"false\"  \/>\r\n    \r\n    \r\n<\/div>\n<div id=\"frm_field_9_container\" class=\"frm_form_field form-field  frm_top_container\">\r\n    <label for=\"field_n4ot9\" id=\"field_n4ot9_label\" class=\"frm_primary_label\">Objet du message\r\n        <span class=\"frm_required\" aria-hidden=\"true\"><\/span>\r\n    <\/label>\r\n    \t\t<select name=\"item_meta[9]\" id=\"field_n4ot9\"  data-invmsg=\"Objet du message est non valide\" aria-invalid=\"false\"  >\n\t\t<option  value=\"S&#039;abonner \u00e0 la newsletter\">S&#039;abonner \u00e0 la newsletter<\/option><option  value=\"Question sur les ateliers de lib\u00e9ration par l&#039;\u00e9criture et\/ou inscription\">Question sur les ateliers de lib\u00e9ration par l&#039;\u00e9criture et\/ou inscription<\/option><option  value=\"Laisser un t\u00e9moignage (ateliers)\">Laisser un t\u00e9moignage (ateliers)<\/option><option  value=\"Demande de d\u00e9dicace\">Demande de d\u00e9dicace<\/option><option  value=\"Service Presse \/ Partenariat\">Service Presse \/ Partenariat<\/option><option  value=\"M&#039;envoyer un petit mot gentil :)\">M&#039;envoyer un petit mot gentil \ud83d\ude42<\/option><option  value=\"Demande d&#039;informations diverses\">Demande d&#039;informations diverses<\/option><option  value=\"Autre\">Autre<\/option>\t<\/select>\n\t\r\n    \r\n    \r\n<\/div>\n<div id=\"frm_field_10_container\" class=\"frm_form_field form-field  frm_top_container frm12 frm_first\">\r\n    <label for=\"field_c86bq\" id=\"field_c86bq_label\" class=\"frm_primary_label\">\r\n        <span class=\"frm_required\" aria-hidden=\"true\"><\/span>\r\n    <\/label>\r\n    <textarea name=\"item_meta[10]\" id=\"field_c86bq\" rows=\"5\"  data-invmsg=\" est non valide\" aria-invalid=\"false\"  ><\/textarea>\r\n    \r\n    \r\n<\/div>\n\t<input type=\"hidden\" name=\"item_key\" value=\"\" \/>\n\t\t\t\t<div class=\"frm__655f388033cbe\" aria-hidden=\"true\">\n\t\t\t\t<label for=\"frm_email_2\" >\n\t\t\t\t\tSi vous \u00eates un humain, ne remplissez pas ce champ.\t\t\t\t<\/label>\n\t\t\t\t<input  id=\"frm_email_2\" type=\"text\" class=\"frm_verify\" name=\"frm__655f388033cbe\" value=\"\" autocomplete=\"false\"  \/>\n\t\t\t<\/div>\n\t\t<div class=\"frm_submit\">\r\n\r\n<button class=\"frm_button_submit\" type=\"submit\"  >Envoyer<\/button>\r\n\r\n\r\n<\/div><\/div>\n<\/fieldset>\n<\/div>\n<\/form>\n<\/div>\n\t\t<\/div>\n\t\t\t\t<\/div>\n\t\t\t\t<\/div>\n\t\t\t\t<\/div>\n\t\t\t\t<section class=\"elementor-section elementor-top-section elementor-element elementor-element-5325acc3 elementor-section-content-middle elementor-reverse-tablet elementor-reverse-mobile elementor-section-boxed elementor-section-height-default elementor-section-height-default\" data-id=\"5325acc3\" data-element_type=\"section\">\n\t\t\t\t\t\t<div class=\"elementor-container elementor-column-gap-no\">\n\t\t\t\t\t<div class=\"elementor-column elementor-col-100 elementor-top-column elementor-element elementor-element-ffc2ab6\" data-id=\"ffc2ab6\" data-element_type=\"column\">\n\t\t\t<div class=\"elementor-widget-wrap\">\n\t\t\t\t\t\t\t\t\t<\/div>\n\t\t<\/div>\n\t\t\t\t\t\t\t<\/div>\n\t\t<\/section>\n\t\t\t\t<section class=\"elementor-section elementor-top-section elementor-element elementor-element-4d7cfb92 elementor-section-height-min-height elementor-section-content-middle elementor-section-full_width elementor-section-height-default elementor-section-items-middle\" data-id=\"4d7cfb92\" data-element_type=\"section\" data-settings=\"{&quot;background_background&quot;:&quot;classic&quot;}\">\n\t\t\t\t\t\t<div class=\"elementor-container elementor-column-gap-no\">\n\t\t\t\t\t<div class=\"elementor-column elementor-col-100 elementor-top-column elementor-element elementor-element-4420fda6\" data-id=\"4420fda6\" data-element_type=\"column\">\n\t\t\t<div class=\"elementor-widget-wrap elementor-element-populated\">\n\t\t\t\t\t\t\t\t<div class=\"elementor-element elementor-element-76284a7d elementor-widget elementor-widget-heading\" data-id=\"76284a7d\" data-element_type=\"widget\" data-widget_type=\"heading.default\">\n\t\t\t\t<div class=\"elementor-widget-container\">\n\t\t\t<p class=\"elementor-heading-title elementor-size-default\">\u00a9 2023 All Rights Reserved.<\/p>\t\t<\/div>\n\t\t\t\t<\/div>\n\t\t\t\t\t<\/div>\n\t\t<\/div>\n\t\t\t\t\t\t\t<\/div>\n\t\t<\/section>\n\t\t\t\t<section class=\"elementor-section elementor-top-section elementor-element elementor-element-9423f31 elementor-section-boxed elementor-section-height-default elementor-section-height-default\" data-id=\"9423f31\" data-element_type=\"section\">\n\t\t\t\t\t\t<div class=\"elementor-container elementor-column-gap-default\">\n\t\t\t\t\t<div class=\"elementor-column elementor-col-100 elementor-top-column elementor-element elementor-element-7727bed\" data-id=\"7727bed\" data-element_type=\"column\">\n\t\t\t<div class=\"elementor-widget-wrap\">\n\t\t\t\t\t\t\t\t\t<\/div>\n\t\t<\/div>\n\t\t\t\t\t\t\t<\/div>\n\t\t<\/section>\n\t\t\t\t\t\t\t<\/div>\n\t\t","protected":false},"excerpt":{"rendered":"<p>Contact N&rsquo;h\u00e9sitez pas \u00e0 me poser toutes vos questions par mail.\u00a0J&rsquo;y r\u00e9pondrai le plus rapidement possible. Contact Nom * Pr\u00e9nom * email * Objet du message S&#039;abonner \u00e0 la newsletterQuestion sur les ateliers de lib\u00e9ration par l&#039;\u00e9criture et\/ou inscriptionLaisser un t\u00e9moignage (ateliers)Demande de d\u00e9dicaceService PressePartenariatDemande d&#039;informations diversesAutre Si vous \u00eates un humain, ne remplissez pas [&hellip;]<\/p>\n","protected":false},"author":1,"featured_media":0,"parent":0,"menu_order":0,"comment_status":"closed","ping_status":"closed","template":"","meta":{"footnotes":""},"yoast_head":"<!-- This site is optimized with the Yoast SEO plugin v21.6 - https:\/\/yoast.com\/wordpress\/plugins\/seo\/ -->\n<title>Contact - Oph\u00e9lie_Courtain<\/title>\n<meta name=\"robots\" content=\"index, follow, max-snippet:-1, max-image-preview:large, max-video-preview:-1\" \/>\n<link rel=\"canonical\" href=\"https:\/\/opheliecourtain.com\/?page_id=63\" \/>\n<meta property=\"og:locale\" content=\"fr_FR\" \/>\n<meta property=\"og:type\" content=\"article\" \/>\n<meta property=\"og:title\" content=\"Contact - Oph\u00e9lie_Courtain\" \/>\n<meta property=\"og:description\" content=\"Contact N&rsquo;h\u00e9sitez pas \u00e0 me poser toutes vos questions par mail.\u00a0J&rsquo;y r\u00e9pondrai le plus rapidement possible. Contact Nom * Pr\u00e9nom * email * Objet du message S&#039;abonner \u00e0 la newsletterQuestion sur les ateliers de lib\u00e9ration par l&#039;\u00e9criture et\/ou inscriptionLaisser un t\u00e9moignage (ateliers)Demande de d\u00e9dicaceService PressePartenariatDemande d&#039;informations diversesAutre Si vous \u00eates un humain, ne remplissez pas [&hellip;]\" \/>\n<meta property=\"og:url\" content=\"https:\/\/opheliecourtain.com\/?page_id=63\" \/>\n<meta property=\"og:site_name\" content=\"Oph\u00e9lie_Courtain\" \/>\n<meta property=\"article:modified_time\" content=\"2023-11-29T16:43:07+00:00\" \/>\n<meta name=\"twitter:card\" content=\"summary_large_image\" \/>\n<meta name=\"twitter:label1\" content=\"Dur\u00e9e de lecture estim\u00e9e\" \/>\n\t<meta name=\"twitter:data1\" content=\"1 minute\" \/>\n<script type=\"application\/ld+json\" class=\"yoast-schema-graph\">{\"@context\":\"https:\/\/schema.org\",\"@graph\":[{\"@type\":\"WebPage\",\"@id\":\"https:\/\/opheliecourtain.com\/?page_id=63\",\"url\":\"https:\/\/opheliecourtain.com\/?page_id=63\",\"name\":\"Contact - Oph\u00e9lie_Courtain\",\"isPartOf\":{\"@id\":\"https:\/\/opheliecourtain.com\/#website\"},\"datePublished\":\"2023-06-07T14:01:59+00:00\",\"dateModified\":\"2023-11-29T16:43:07+00:00\",\"breadcrumb\":{\"@id\":\"https:\/\/opheliecourtain.com\/?page_id=63#breadcrumb\"},\"inLanguage\":\"fr-FR\",\"potentialAction\":[{\"@type\":\"ReadAction\",\"target\":[\"https:\/\/opheliecourtain.com\/?page_id=63\"]}]},{\"@type\":\"BreadcrumbList\",\"@id\":\"https:\/\/opheliecourtain.com\/?page_id=63#breadcrumb\",\"itemListElement\":[{\"@type\":\"ListItem\",\"position\":1,\"name\":\"Accueil\",\"item\":\"https:\/\/opheliecourtain.com\/\"},{\"@type\":\"ListItem\",\"position\":2,\"name\":\"Contact\"}]},{\"@type\":\"WebSite\",\"@id\":\"https:\/\/opheliecourtain.com\/#website\",\"url\":\"https:\/\/opheliecourtain.com\/\",\"name\":\"Oph\u00e9lie_Courtain\",\"description\":\"\",\"publisher\":{\"@id\":\"https:\/\/opheliecourtain.com\/#organization\"},\"potentialAction\":[{\"@type\":\"SearchAction\",\"target\":{\"@type\":\"EntryPoint\",\"urlTemplate\":\"https:\/\/opheliecourtain.com\/?s={search_term_string}\"},\"query-input\":\"required name=search_term_string\"}],\"inLanguage\":\"fr-FR\"},{\"@type\":\"Organization\",\"@id\":\"https:\/\/opheliecourtain.com\/#organization\",\"name\":\"Oph\u00e9lie_Courtain\",\"url\":\"https:\/\/opheliecourtain.com\/\",\"logo\":{\"@type\":\"ImageObject\",\"inLanguage\":\"fr-FR\",\"@id\":\"https:\/\/opheliecourtain.com\/#\/schema\/logo\/image\/\",\"url\":\"https:\/\/opheliecourtain.com\/wp-content\/uploads\/2023\/11\/cropped-Plume-logo-3.png\",\"contentUrl\":\"https:\/\/opheliecourtain.com\/wp-content\/uploads\/2023\/11\/cropped-Plume-logo-3.png\",\"width\":1253,\"height\":1179,\"caption\":\"Oph\u00e9lie_Courtain\"},\"image\":{\"@id\":\"https:\/\/opheliecourtain.com\/#\/schema\/logo\/image\/\"}}]}<\/script>\n<!-- \/ Yoast SEO plugin. -->","yoast_head_json":{"title":"Contact - Oph\u00e9lie_Courtain","robots":{"index":"index","follow":"follow","max-snippet":"max-snippet:-1","max-image-preview":"max-image-preview:large","max-video-preview":"max-video-preview:-1"},"canonical":"https:\/\/opheliecourtain.com\/?page_id=63","og_locale":"fr_FR","og_type":"article","og_title":"Contact - Oph\u00e9lie_Courtain","og_description":"Contact N&rsquo;h\u00e9sitez pas \u00e0 me poser toutes vos questions par mail.\u00a0J&rsquo;y r\u00e9pondrai le plus rapidement possible. Contact Nom * Pr\u00e9nom * email * Objet du message S&#039;abonner \u00e0 la newsletterQuestion sur les ateliers de lib\u00e9ration par l&#039;\u00e9criture et\/ou inscriptionLaisser un t\u00e9moignage (ateliers)Demande de d\u00e9dicaceService PressePartenariatDemande d&#039;informations diversesAutre Si vous \u00eates un humain, ne remplissez pas [&hellip;]","og_url":"https:\/\/opheliecourtain.com\/?page_id=63","og_site_name":"Oph\u00e9lie_Courtain","article_modified_time":"2023-11-29T16:43:07+00:00","twitter_card":"summary_large_image","twitter_misc":{"Dur\u00e9e de lecture estim\u00e9e":"1 minute"},"schema":{"@context":"https:\/\/schema.org","@graph":[{"@type":"WebPage","@id":"https:\/\/opheliecourtain.com\/?page_id=63","url":"https:\/\/opheliecourtain.com\/?page_id=63","name":"Contact - Oph\u00e9lie_Courtain","isPartOf":{"@id":"https:\/\/opheliecourtain.com\/#website"},"datePublished":"2023-06-07T14:01:59+00:00","dateModified":"2023-11-29T16:43:07+00:00","breadcrumb":{"@id":"https:\/\/opheliecourtain.com\/?page_id=63#breadcrumb"},"inLanguage":"fr-FR","potentialAction":[{"@type":"ReadAction","target":["https:\/\/opheliecourtain.com\/?page_id=63"]}]},{"@type":"BreadcrumbList","@id":"https:\/\/opheliecourtain.com\/?page_id=63#breadcrumb","itemListElement":[{"@type":"ListItem","position":1,"name":"Accueil","item":"https:\/\/opheliecourtain.com\/"},{"@type":"ListItem","position":2,"name":"Contact"}]},{"@type":"WebSite","@id":"https:\/\/opheliecourtain.com\/#website","url":"https:\/\/opheliecourtain.com\/","name":"Oph\u00e9lie_Courtain","description":"","publisher":{"@id":"https:\/\/opheliecourtain.com\/#organization"},"potentialAction":[{"@type":"SearchAction","target":{"@type":"EntryPoint","urlTemplate":"https:\/\/opheliecourtain.com\/?s={search_term_string}"},"query-input":"required name=search_term_string"}],"inLanguage":"fr-FR"},{"@type":"Organization","@id":"https:\/\/opheliecourtain.com\/#organization","name":"Oph\u00e9lie_Courtain","url":"https:\/\/opheliecourtain.com\/","logo":{"@type":"ImageObject","inLanguage":"fr-FR","@id":"https:\/\/opheliecourtain.com\/#\/schema\/logo\/image\/","url":"https:\/\/opheliecourtain.com\/wp-content\/uploads\/2023\/11\/cropped-Plume-logo-3.png","contentUrl":"https:\/\/opheliecourtain.com\/wp-content\/uploads\/2023\/11\/cropped-Plume-logo-3.png","width":1253,"height":1179,"caption":"Oph\u00e9lie_Courtain"},"image":{"@id":"https:\/\/opheliecourtain.com\/#\/schema\/logo\/image\/"}}]}},"_links":{"self":[{"href":"https:\/\/opheliecourtain.com\/index.php?rest_route=\/wp\/v2\/pages\/63"}],"collection":[{"href":"https:\/\/opheliecourtain.com\/index.php?rest_route=\/wp\/v2\/pages"}],"about":[{"href":"https:\/\/opheliecourtain.com\/index.php?rest_route=\/wp\/v2\/types\/page"}],"author":[{"embeddable":true,"href":"https:\/\/opheliecourtain.com\/index.php?rest_route=\/wp\/v2\/users\/1"}],"replies":[{"embeddable":true,"href":"https:\/\/opheliecourtain.com\/index.php?rest_route=%2Fwp%2Fv2%2Fcomments&post=63"}],"version-history":[{"count":28,"href":"https:\/\/opheliecourtain.com\/index.php?rest_route=\/wp\/v2\/pages\/63\/revisions"}],"predecessor-version":[{"id":1364,"href":"https:\/\/opheliecourtain.com\/index.php?rest_route=\/wp\/v2\/pages\/63\/revisions\/1364"}],"wp:attachment":[{"href":"https:\/\/opheliecourtain.com\/index.php?rest_route=%2Fwp%2Fv2%2Fmedia&parent=63"}],"curies":[{"name":"wp","href":"https:\/\/api.w.org\/{rel}","templated":true}]}}