{"id":279,"date":"2023-06-13T07:27:19","date_gmt":"2023-06-13T07:27:19","guid":{"rendered":"http:\/\/ateliersdecritureophliecourtain.local\/?page_id=279"},"modified":"2023-11-29T16:53:32","modified_gmt":"2023-11-29T16:53:32","slug":"agenda","status":"publish","type":"page","link":"https:\/\/opheliecourtain.com\/?page_id=279","title":{"rendered":"Agenda"},"content":{"rendered":"\t\t<div data-elementor-type=\"wp-page\" data-elementor-id=\"279\" class=\"elementor elementor-279\">\n\t\t\t\t\t\t\t<div class=\"elementor-element elementor-element-06c969c e-con-full e-flex e-con e-parent\" data-id=\"06c969c\" data-element_type=\"container\" data-settings=\"{&quot;content_width&quot;:&quot;full&quot;,&quot;container_type&quot;:&quot;flex&quot;}\" data-core-v316-plus=\"true\">\n\t\t<div class=\"elementor-element elementor-element-04efb50 e-con-full e-flex e-con e-child\" data-id=\"04efb50\" data-element_type=\"container\" data-settings=\"{&quot;content_width&quot;:&quot;full&quot;,&quot;container_type&quot;:&quot;flex&quot;}\">\n\t\t\t\t<div class=\"elementor-element elementor-element-4e8f06e elementor-widget elementor-widget-image\" data-id=\"4e8f06e\" data-element_type=\"widget\" data-widget_type=\"image.default\">\n\t\t\t\t<div class=\"elementor-widget-container\">\n\t\t\t<style>\/*! elementor - v3.17.0 - 08-11-2023 *\/\n.elementor-widget-image{text-align:center}.elementor-widget-image a{display:inline-block}.elementor-widget-image a img[src$=\".svg\"]{width:48px}.elementor-widget-image img{vertical-align:middle;display:inline-block}<\/style>\t\t\t\t\t\t\t\t\t\t\t\t<img loading=\"lazy\" decoding=\"async\" width=\"1024\" height=\"772\" src=\"https:\/\/opheliecourtain.com\/wp-content\/uploads\/2023\/11\/pexels-pixabay-39396-1024x772.jpg\" class=\"attachment-large size-large wp-image-1025\" alt=\"\" srcset=\"https:\/\/opheliecourtain.com\/wp-content\/uploads\/2023\/11\/pexels-pixabay-39396-1024x772.jpg 1024w, https:\/\/opheliecourtain.com\/wp-content\/uploads\/2023\/11\/pexels-pixabay-39396-300x226.jpg 300w, https:\/\/opheliecourtain.com\/wp-content\/uploads\/2023\/11\/pexels-pixabay-39396-768x579.jpg 768w, https:\/\/opheliecourtain.com\/wp-content\/uploads\/2023\/11\/pexels-pixabay-39396-1536x1158.jpg 1536w, https:\/\/opheliecourtain.com\/wp-content\/uploads\/2023\/11\/pexels-pixabay-39396.jpg 1920w\" sizes=\"(max-width: 1024px) 100vw, 1024px\" \/>\t\t\t\t\t\t\t\t\t\t\t\t\t\t\t<\/div>\n\t\t\t\t<\/div>\n\t\t\t\t<\/div>\n\t\t<div class=\"elementor-element elementor-element-2a58b85 e-con-full e-flex e-con e-child\" data-id=\"2a58b85\" data-element_type=\"container\" data-settings=\"{&quot;content_width&quot;:&quot;full&quot;,&quot;container_type&quot;:&quot;flex&quot;}\">\n\t\t\t\t<div class=\"elementor-element elementor-element-97abc01 elementor-widget elementor-widget-text-editor\" data-id=\"97abc01\" data-element_type=\"widget\" data-widget_type=\"text-editor.default\">\n\t\t\t\t<div class=\"elementor-widget-container\">\n\t\t\t<style>\/*! elementor - v3.17.0 - 08-11-2023 *\/\n.elementor-widget-text-editor.elementor-drop-cap-view-stacked .elementor-drop-cap{background-color:#69727d;color:#fff}.elementor-widget-text-editor.elementor-drop-cap-view-framed .elementor-drop-cap{color:#69727d;border:3px solid;background-color:transparent}.elementor-widget-text-editor:not(.elementor-drop-cap-view-default) .elementor-drop-cap{margin-top:8px}.elementor-widget-text-editor:not(.elementor-drop-cap-view-default) .elementor-drop-cap-letter{width:1em;height:1em}.elementor-widget-text-editor .elementor-drop-cap{float:left;text-align:center;line-height:1;font-size:50px}.elementor-widget-text-editor .elementor-drop-cap-letter{display:inline-block}<\/style>\t\t\t\t<p><strong>Pour le moment, je n&rsquo;ai pas pris le temps de compl\u00e9ter cette page.<\/strong>&nbsp;<\/p>\n<p><span style=\"text-decoration: underline;\">A venir :&nbsp;<\/span><\/p>\n<p>&#8211; Coffrets de no\u00ebl&nbsp;<br><span style=\"font-size: 14px; color: var( --e-global-color-text );\">&#8211; D\u00e9dicace \u00e0 la Fnac de V\u00e9lizy pour mon deuxi\u00e8me roman \u00ab\u00a0Tu n&rsquo;iras pas fleurir la mienne\u00a0\u00bb, \u00e0 venir d\u00e9but 2024 (date en attente de confirmation)<\/span><\/p>\t\t\t\t\t\t<\/div>\n\t\t\t\t<\/div>\n\t\t\t\t<\/div>\n\t\t\t\t<\/div>\n\t\t\t\t\t\t\t<\/div>\n\t\t","protected":false},"excerpt":{"rendered":"<p>Pour le moment, je n&rsquo;ai pas pris le temps de compl\u00e9ter cette page.&nbsp; A venir :&nbsp; &#8211; Coffrets de no\u00ebl&nbsp;&#8211; D\u00e9dicace \u00e0 la Fnac de V\u00e9lizy pour mon deuxi\u00e8me roman \u00ab\u00a0Tu n&rsquo;iras pas fleurir la mienne\u00a0\u00bb, \u00e0 venir d\u00e9but 2024 (date en attente de confirmation)<\/p>\n","protected":false},"author":1,"featured_media":0,"parent":0,"menu_order":0,"comment_status":"closed","ping_status":"closed","template":"","meta":{"footnotes":""},"yoast_head":"<!-- This site is optimized with the Yoast SEO plugin v21.6 - https:\/\/yoast.com\/wordpress\/plugins\/seo\/ -->\n<title>Agenda - Oph\u00e9lie_Courtain<\/title>\n<meta name=\"robots\" content=\"index, follow, max-snippet:-1, max-image-preview:large, max-video-preview:-1\" \/>\n<link rel=\"canonical\" href=\"https:\/\/opheliecourtain.com\/?page_id=279\" \/>\n<meta property=\"og:locale\" content=\"fr_FR\" \/>\n<meta property=\"og:type\" content=\"article\" \/>\n<meta property=\"og:title\" content=\"Agenda - Oph\u00e9lie_Courtain\" \/>\n<meta property=\"og:description\" content=\"Pour le moment, je n&rsquo;ai pas pris le temps de compl\u00e9ter cette page.&nbsp; A venir :&nbsp; &#8211; Coffrets de no\u00ebl&nbsp;&#8211; D\u00e9dicace \u00e0 la Fnac de V\u00e9lizy pour mon deuxi\u00e8me roman \u00ab\u00a0Tu n&rsquo;iras pas fleurir la mienne\u00a0\u00bb, \u00e0 venir d\u00e9but 2024 (date en attente de confirmation)\" \/>\n<meta property=\"og:url\" content=\"https:\/\/opheliecourtain.com\/?page_id=279\" \/>\n<meta property=\"og:site_name\" content=\"Oph\u00e9lie_Courtain\" \/>\n<meta property=\"article:modified_time\" content=\"2023-11-29T16:53:32+00:00\" \/>\n<meta property=\"og:image\" content=\"https:\/\/opheliecourtain.com\/wp-content\/uploads\/2023\/11\/pexels-pixabay-39396-1024x772.jpg\" \/>\n<meta name=\"twitter:card\" content=\"summary_large_image\" \/>\n<meta name=\"twitter:label1\" content=\"Dur\u00e9e de lecture estim\u00e9e\" \/>\n\t<meta name=\"twitter:data1\" content=\"1 minute\" \/>\n<script type=\"application\/ld+json\" class=\"yoast-schema-graph\">{\"@context\":\"https:\/\/schema.org\",\"@graph\":[{\"@type\":\"WebPage\",\"@id\":\"https:\/\/opheliecourtain.com\/?page_id=279\",\"url\":\"https:\/\/opheliecourtain.com\/?page_id=279\",\"name\":\"Agenda - Oph\u00e9lie_Courtain\",\"isPartOf\":{\"@id\":\"https:\/\/opheliecourtain.com\/#website\"},\"datePublished\":\"2023-06-13T07:27:19+00:00\",\"dateModified\":\"2023-11-29T16:53:32+00:00\",\"breadcrumb\":{\"@id\":\"https:\/\/opheliecourtain.com\/?page_id=279#breadcrumb\"},\"inLanguage\":\"fr-FR\",\"potentialAction\":[{\"@type\":\"ReadAction\",\"target\":[\"https:\/\/opheliecourtain.com\/?page_id=279\"]}]},{\"@type\":\"BreadcrumbList\",\"@id\":\"https:\/\/opheliecourtain.com\/?page_id=279#breadcrumb\",\"itemListElement\":[{\"@type\":\"ListItem\",\"position\":1,\"name\":\"Accueil\",\"item\":\"https:\/\/opheliecourtain.com\/\"},{\"@type\":\"ListItem\",\"position\":2,\"name\":\"Agenda\"}]},{\"@type\":\"WebSite\",\"@id\":\"https:\/\/opheliecourtain.com\/#website\",\"url\":\"https:\/\/opheliecourtain.com\/\",\"name\":\"Oph\u00e9lie_Courtain\",\"description\":\"\",\"publisher\":{\"@id\":\"https:\/\/opheliecourtain.com\/#organization\"},\"potentialAction\":[{\"@type\":\"SearchAction\",\"target\":{\"@type\":\"EntryPoint\",\"urlTemplate\":\"https:\/\/opheliecourtain.com\/?s={search_term_string}\"},\"query-input\":\"required name=search_term_string\"}],\"inLanguage\":\"fr-FR\"},{\"@type\":\"Organization\",\"@id\":\"https:\/\/opheliecourtain.com\/#organization\",\"name\":\"Oph\u00e9lie_Courtain\",\"url\":\"https:\/\/opheliecourtain.com\/\",\"logo\":{\"@type\":\"ImageObject\",\"inLanguage\":\"fr-FR\",\"@id\":\"https:\/\/opheliecourtain.com\/#\/schema\/logo\/image\/\",\"url\":\"https:\/\/opheliecourtain.com\/wp-content\/uploads\/2023\/11\/cropped-Plume-logo-3.png\",\"contentUrl\":\"https:\/\/opheliecourtain.com\/wp-content\/uploads\/2023\/11\/cropped-Plume-logo-3.png\",\"width\":1253,\"height\":1179,\"caption\":\"Oph\u00e9lie_Courtain\"},\"image\":{\"@id\":\"https:\/\/opheliecourtain.com\/#\/schema\/logo\/image\/\"}}]}<\/script>\n<!-- \/ Yoast SEO plugin. -->","yoast_head_json":{"title":"Agenda - Oph\u00e9lie_Courtain","robots":{"index":"index","follow":"follow","max-snippet":"max-snippet:-1","max-image-preview":"max-image-preview:large","max-video-preview":"max-video-preview:-1"},"canonical":"https:\/\/opheliecourtain.com\/?page_id=279","og_locale":"fr_FR","og_type":"article","og_title":"Agenda - Oph\u00e9lie_Courtain","og_description":"Pour le moment, je n&rsquo;ai pas pris le temps de compl\u00e9ter cette page.&nbsp; A venir :&nbsp; &#8211; Coffrets de no\u00ebl&nbsp;&#8211; D\u00e9dicace \u00e0 la Fnac de V\u00e9lizy pour mon deuxi\u00e8me roman \u00ab\u00a0Tu n&rsquo;iras pas fleurir la mienne\u00a0\u00bb, \u00e0 venir d\u00e9but 2024 (date en attente de confirmation)","og_url":"https:\/\/opheliecourtain.com\/?page_id=279","og_site_name":"Oph\u00e9lie_Courtain","article_modified_time":"2023-11-29T16:53:32+00:00","og_image":[{"url":"https:\/\/opheliecourtain.com\/wp-content\/uploads\/2023\/11\/pexels-pixabay-39396-1024x772.jpg"}],"twitter_card":"summary_large_image","twitter_misc":{"Dur\u00e9e de lecture estim\u00e9e":"1 minute"},"schema":{"@context":"https:\/\/schema.org","@graph":[{"@type":"WebPage","@id":"https:\/\/opheliecourtain.com\/?page_id=279","url":"https:\/\/opheliecourtain.com\/?page_id=279","name":"Agenda - Oph\u00e9lie_Courtain","isPartOf":{"@id":"https:\/\/opheliecourtain.com\/#website"},"datePublished":"2023-06-13T07:27:19+00:00","dateModified":"2023-11-29T16:53:32+00:00","breadcrumb":{"@id":"https:\/\/opheliecourtain.com\/?page_id=279#breadcrumb"},"inLanguage":"fr-FR","potentialAction":[{"@type":"ReadAction","target":["https:\/\/opheliecourtain.com\/?page_id=279"]}]},{"@type":"BreadcrumbList","@id":"https:\/\/opheliecourtain.com\/?page_id=279#breadcrumb","itemListElement":[{"@type":"ListItem","position":1,"name":"Accueil","item":"https:\/\/opheliecourtain.com\/"},{"@type":"ListItem","position":2,"name":"Agenda"}]},{"@type":"WebSite","@id":"https:\/\/opheliecourtain.com\/#website","url":"https:\/\/opheliecourtain.com\/","name":"Oph\u00e9lie_Courtain","description":"","publisher":{"@id":"https:\/\/opheliecourtain.com\/#organization"},"potentialAction":[{"@type":"SearchAction","target":{"@type":"EntryPoint","urlTemplate":"https:\/\/opheliecourtain.com\/?s={search_term_string}"},"query-input":"required name=search_term_string"}],"inLanguage":"fr-FR"},{"@type":"Organization","@id":"https:\/\/opheliecourtain.com\/#organization","name":"Oph\u00e9lie_Courtain","url":"https:\/\/opheliecourtain.com\/","logo":{"@type":"ImageObject","inLanguage":"fr-FR","@id":"https:\/\/opheliecourtain.com\/#\/schema\/logo\/image\/","url":"https:\/\/opheliecourtain.com\/wp-content\/uploads\/2023\/11\/cropped-Plume-logo-3.png","contentUrl":"https:\/\/opheliecourtain.com\/wp-content\/uploads\/2023\/11\/cropped-Plume-logo-3.png","width":1253,"height":1179,"caption":"Oph\u00e9lie_Courtain"},"image":{"@id":"https:\/\/opheliecourtain.com\/#\/schema\/logo\/image\/"}}]}},"_links":{"self":[{"href":"https:\/\/opheliecourtain.com\/index.php?rest_route=\/wp\/v2\/pages\/279"}],"collection":[{"href":"https:\/\/opheliecourtain.com\/index.php?rest_route=\/wp\/v2\/pages"}],"about":[{"href":"https:\/\/opheliecourtain.com\/index.php?rest_route=\/wp\/v2\/types\/page"}],"author":[{"embeddable":true,"href":"https:\/\/opheliecourtain.com\/index.php?rest_route=\/wp\/v2\/users\/1"}],"replies":[{"embeddable":true,"href":"https:\/\/opheliecourtain.com\/index.php?rest_route=%2Fwp%2Fv2%2Fcomments&post=279"}],"version-history":[{"count":16,"href":"https:\/\/opheliecourtain.com\/index.php?rest_route=\/wp\/v2\/pages\/279\/revisions"}],"predecessor-version":[{"id":1385,"href":"https:\/\/opheliecourtain.com\/index.php?rest_route=\/wp\/v2\/pages\/279\/revisions\/1385"}],"wp:attachment":[{"href":"https:\/\/opheliecourtain.com\/index.php?rest_route=%2Fwp%2Fv2%2Fmedia&parent=279"}],"curies":[{"name":"wp","href":"https:\/\/api.w.org\/{rel}","templated":true}]}}