{"id":1143,"date":"2023-11-28T11:43:08","date_gmt":"2023-11-28T11:43:08","guid":{"rendered":"http:\/\/test-231123.local\/?page_id=1143"},"modified":"2023-11-29T16:56:00","modified_gmt":"2023-11-29T16:56:00","slug":"les-ateliers-v2","status":"publish","type":"page","link":"https:\/\/opheliecourtain.com\/?page_id=1143","title":{"rendered":"Les ateliers"},"content":{"rendered":"\t\t<div data-elementor-type=\"wp-page\" data-elementor-id=\"1143\" class=\"elementor elementor-1143\">\n\t\t\t\t\t\t\t<div class=\"elementor-element elementor-element-353fbcd e-flex e-con-boxed e-con e-parent\" data-id=\"353fbcd\" data-element_type=\"container\" data-settings=\"{&quot;container_type&quot;:&quot;flex&quot;,&quot;content_width&quot;:&quot;boxed&quot;}\" data-core-v316-plus=\"true\">\n\t\t\t\t\t<div class=\"e-con-inner\">\n\t\t\t\t<div class=\"elementor-element elementor-element-94ec1f8 elementor-widget elementor-widget-text-editor\" data-id=\"94ec1f8\" data-element_type=\"widget\" data-widget_type=\"text-editor.default\">\n\t\t\t\t<div class=\"elementor-widget-container\">\n\t\t\t<style>\/*! elementor - v3.17.0 - 08-11-2023 *\/\n.elementor-widget-text-editor.elementor-drop-cap-view-stacked .elementor-drop-cap{background-color:#69727d;color:#fff}.elementor-widget-text-editor.elementor-drop-cap-view-framed .elementor-drop-cap{color:#69727d;border:3px solid;background-color:transparent}.elementor-widget-text-editor:not(.elementor-drop-cap-view-default) .elementor-drop-cap{margin-top:8px}.elementor-widget-text-editor:not(.elementor-drop-cap-view-default) .elementor-drop-cap-letter{width:1em;height:1em}.elementor-widget-text-editor .elementor-drop-cap{float:left;text-align:center;line-height:1;font-size:50px}.elementor-widget-text-editor .elementor-drop-cap-letter{display:inline-block}<\/style>\t\t\t\t<p><strong>PAUSE DANS LES ATELIERS<\/strong><\/p>\n<p>J&rsquo;ai fait une pause le temps de lancer mon deuxi\u00e8me roman \u00ab\u00a0Tu n&rsquo;iras pas fleurir la mienne\u00a0\u00bb fin novembre et de finaliser une formation dans l&rsquo;autoentrepreneuriat mi d\u00e9cembre. <br>Les ateliers reprendront tr\u00e8s prochainement (reprise pr\u00e9vue en janvier 2024) !<br>Vous pouvez n\u00e9anmoins vous renseigner d\u00e8s \u00e0 pr\u00e9sent ci-dessous !<\/p>\t\t\t\t\t\t<\/div>\n\t\t\t\t<\/div>\n\t\t\t\t\t<\/div>\n\t\t\t\t<\/div>\n\t\t<div class=\"elementor-element elementor-element-85c0933 e-flex e-con-boxed e-con e-parent\" data-id=\"85c0933\" data-element_type=\"container\" data-settings=\"{&quot;container_type&quot;:&quot;flex&quot;,&quot;content_width&quot;:&quot;boxed&quot;}\" data-core-v316-plus=\"true\">\n\t\t\t\t\t<div class=\"e-con-inner\">\n\t\t\t\t<div class=\"elementor-element elementor-element-12d1377 elementor-widget-divider--view-line elementor-widget elementor-widget-divider\" data-id=\"12d1377\" data-element_type=\"widget\" data-widget_type=\"divider.default\">\n\t\t\t\t<div class=\"elementor-widget-container\">\n\t\t\t<style>\/*! elementor - v3.17.0 - 08-11-2023 *\/\n.elementor-widget-divider{--divider-border-style:none;--divider-border-width:1px;--divider-color:#0c0d0e;--divider-icon-size:20px;--divider-element-spacing:10px;--divider-pattern-height:24px;--divider-pattern-size:20px;--divider-pattern-url:none;--divider-pattern-repeat:repeat-x}.elementor-widget-divider .elementor-divider{display:flex}.elementor-widget-divider .elementor-divider__text{font-size:15px;line-height:1;max-width:95%}.elementor-widget-divider .elementor-divider__element{margin:0 var(--divider-element-spacing);flex-shrink:0}.elementor-widget-divider .elementor-icon{font-size:var(--divider-icon-size)}.elementor-widget-divider .elementor-divider-separator{display:flex;margin:0;direction:ltr}.elementor-widget-divider--view-line_icon .elementor-divider-separator,.elementor-widget-divider--view-line_text .elementor-divider-separator{align-items:center}.elementor-widget-divider--view-line_icon .elementor-divider-separator:after,.elementor-widget-divider--view-line_icon .elementor-divider-separator:before,.elementor-widget-divider--view-line_text .elementor-divider-separator:after,.elementor-widget-divider--view-line_text .elementor-divider-separator:before{display:block;content:\"\";border-bottom:0;flex-grow:1;border-top:var(--divider-border-width) var(--divider-border-style) var(--divider-color)}.elementor-widget-divider--element-align-left .elementor-divider .elementor-divider-separator>.elementor-divider__svg:first-of-type{flex-grow:0;flex-shrink:100}.elementor-widget-divider--element-align-left .elementor-divider-separator:before{content:none}.elementor-widget-divider--element-align-left .elementor-divider__element{margin-left:0}.elementor-widget-divider--element-align-right .elementor-divider .elementor-divider-separator>.elementor-divider__svg:last-of-type{flex-grow:0;flex-shrink:100}.elementor-widget-divider--element-align-right .elementor-divider-separator:after{content:none}.elementor-widget-divider--element-align-right .elementor-divider__element{margin-right:0}.elementor-widget-divider:not(.elementor-widget-divider--view-line_text):not(.elementor-widget-divider--view-line_icon) .elementor-divider-separator{border-top:var(--divider-border-width) var(--divider-border-style) var(--divider-color)}.elementor-widget-divider--separator-type-pattern{--divider-border-style:none}.elementor-widget-divider--separator-type-pattern.elementor-widget-divider--view-line .elementor-divider-separator,.elementor-widget-divider--separator-type-pattern:not(.elementor-widget-divider--view-line) .elementor-divider-separator:after,.elementor-widget-divider--separator-type-pattern:not(.elementor-widget-divider--view-line) .elementor-divider-separator:before,.elementor-widget-divider--separator-type-pattern:not([class*=elementor-widget-divider--view]) .elementor-divider-separator{width:100%;min-height:var(--divider-pattern-height);-webkit-mask-size:var(--divider-pattern-size) 100%;mask-size:var(--divider-pattern-size) 100%;-webkit-mask-repeat:var(--divider-pattern-repeat);mask-repeat:var(--divider-pattern-repeat);background-color:var(--divider-color);-webkit-mask-image:var(--divider-pattern-url);mask-image:var(--divider-pattern-url)}.elementor-widget-divider--no-spacing{--divider-pattern-size:auto}.elementor-widget-divider--bg-round{--divider-pattern-repeat:round}.rtl .elementor-widget-divider .elementor-divider__text{direction:rtl}.e-con-inner>.elementor-widget-divider,.e-con>.elementor-widget-divider{width:var(--container-widget-width,100%);--flex-grow:var(--container-widget-flex-grow)}<\/style>\t\t<div class=\"elementor-divider\">\n\t\t\t<span class=\"elementor-divider-separator\">\n\t\t\t\t\t\t<\/span>\n\t\t<\/div>\n\t\t\t\t<\/div>\n\t\t\t\t<\/div>\n\t\t\t\t\t<\/div>\n\t\t\t\t<\/div>\n\t\t<div class=\"elementor-element elementor-element-41accc5 e-flex e-con-boxed e-con e-parent\" data-id=\"41accc5\" data-element_type=\"container\" data-settings=\"{&quot;background_background&quot;:&quot;classic&quot;,&quot;container_type&quot;:&quot;flex&quot;,&quot;content_width&quot;:&quot;boxed&quot;}\" data-core-v316-plus=\"true\">\n\t\t\t\t\t<div class=\"e-con-inner\">\n\t\t<div class=\"elementor-element elementor-element-bb5854b e-flex e-con-boxed e-con e-child\" data-id=\"bb5854b\" data-element_type=\"container\" data-settings=\"{&quot;container_type&quot;:&quot;flex&quot;,&quot;content_width&quot;:&quot;boxed&quot;}\">\n\t\t\t\t\t<div class=\"e-con-inner\">\n\t\t\t\t\t<\/div>\n\t\t\t\t<\/div>\n\t\t<div class=\"elementor-element elementor-element-2325719 e-flex e-con-boxed e-con e-child\" data-id=\"2325719\" data-element_type=\"container\" data-settings=\"{&quot;container_type&quot;:&quot;flex&quot;,&quot;content_width&quot;:&quot;boxed&quot;}\">\n\t\t\t\t\t<div class=\"e-con-inner\">\n\t\t<div class=\"elementor-element elementor-element-5f473fa e-flex e-con-boxed e-con e-child\" data-id=\"5f473fa\" data-element_type=\"container\" data-settings=\"{&quot;container_type&quot;:&quot;flex&quot;,&quot;content_width&quot;:&quot;boxed&quot;}\">\n\t\t\t\t\t<div class=\"e-con-inner\">\n\t\t<div class=\"elementor-element elementor-element-501cdd3 e-flex e-con-boxed e-con e-child\" data-id=\"501cdd3\" data-element_type=\"container\" data-settings=\"{&quot;background_background&quot;:&quot;classic&quot;,&quot;container_type&quot;:&quot;flex&quot;,&quot;content_width&quot;:&quot;boxed&quot;}\">\n\t\t\t\t\t<div class=\"e-con-inner\">\n\t\t\t\t<div class=\"elementor-element elementor-element-58a8374 elementor-widget elementor-widget-text-editor\" data-id=\"58a8374\" data-element_type=\"widget\" data-widget_type=\"text-editor.default\">\n\t\t\t\t<div class=\"elementor-widget-container\">\n\t\t\t\t\t\t\t<p>Pr\u00e9sentation des ateliers<\/p>\t\t\t\t\t\t<\/div>\n\t\t\t\t<\/div>\n\t\t<div class=\"elementor-element elementor-element-5f5e619 e-flex e-con-boxed e-con e-child\" data-id=\"5f5e619\" data-element_type=\"container\" data-settings=\"{&quot;container_type&quot;:&quot;flex&quot;,&quot;content_width&quot;:&quot;boxed&quot;}\">\n\t\t\t\t\t<div class=\"e-con-inner\">\n\t\t\t\t<div class=\"elementor-element elementor-element-3c67b96 elementor-align-center elementor-widget__width-initial elementor-widget elementor-widget-button\" data-id=\"3c67b96\" data-element_type=\"widget\" data-widget_type=\"button.default\">\n\t\t\t\t<div class=\"elementor-widget-container\">\n\t\t\t\t\t<div class=\"elementor-button-wrapper\">\n\t\t\t<a class=\"elementor-button elementor-button-link elementor-size-sm\" href=\"https:\/\/opheliecourtain.com\/?page_id=316\">\n\t\t\t\t\t\t<span class=\"elementor-button-content-wrapper\">\n\t\t\t\t\t\t<span class=\"elementor-button-text\">Cliquez ici \ud83d\ude42<\/span>\n\t\t<\/span>\n\t\t\t\t\t<\/a>\n\t\t<\/div>\n\t\t\t\t<\/div>\n\t\t\t\t<\/div>\n\t\t\t\t\t<\/div>\n\t\t\t\t<\/div>\n\t\t\t\t\t<\/div>\n\t\t\t\t<\/div>\n\t\t<div class=\"elementor-element elementor-element-aa1c85e e-con-full e-flex e-con e-child\" data-id=\"aa1c85e\" data-element_type=\"container\" data-settings=\"{&quot;content_width&quot;:&quot;full&quot;,&quot;container_type&quot;:&quot;flex&quot;}\">\n\t\t\t\t<div class=\"elementor-element elementor-element-a93fee8 elementor-widget elementor-widget-text-editor\" data-id=\"a93fee8\" data-element_type=\"widget\" data-widget_type=\"text-editor.default\">\n\t\t\t\t<div class=\"elementor-widget-container\">\n\t\t\t\t\t\t\t\t\t\t\t\t\t<\/div>\n\t\t\t\t<\/div>\n\t\t\t\t<\/div>\n\t\t<div class=\"elementor-element elementor-element-546d051 e-flex e-con-boxed e-con e-child\" data-id=\"546d051\" data-element_type=\"container\" data-settings=\"{&quot;background_background&quot;:&quot;classic&quot;,&quot;container_type&quot;:&quot;flex&quot;,&quot;content_width&quot;:&quot;boxed&quot;}\">\n\t\t\t\t\t<div class=\"e-con-inner\">\n\t\t\t\t<div class=\"elementor-element elementor-element-f484f0a elementor-widget elementor-widget-text-editor\" data-id=\"f484f0a\" data-element_type=\"widget\" data-widget_type=\"text-editor.default\">\n\t\t\t\t<div class=\"elementor-widget-container\">\n\t\t\t\t\t\t\t<p>T\u00e9moignages<\/p>\t\t\t\t\t\t<\/div>\n\t\t\t\t<\/div>\n\t\t<div class=\"elementor-element elementor-element-cb048ad e-flex e-con-boxed e-con e-child\" data-id=\"cb048ad\" data-element_type=\"container\" data-settings=\"{&quot;container_type&quot;:&quot;flex&quot;,&quot;content_width&quot;:&quot;boxed&quot;}\">\n\t\t\t\t\t<div class=\"e-con-inner\">\n\t\t\t\t<div class=\"elementor-element elementor-element-a161ff3 elementor-align-center elementor-widget__width-initial elementor-widget elementor-widget-button\" data-id=\"a161ff3\" data-element_type=\"widget\" data-widget_type=\"button.default\">\n\t\t\t\t<div class=\"elementor-widget-container\">\n\t\t\t\t\t<div class=\"elementor-button-wrapper\">\n\t\t\t<a class=\"elementor-button elementor-button-link elementor-size-sm\" href=\"https:\/\/opheliecourtain.com\/?page_id=88\">\n\t\t\t\t\t\t<span class=\"elementor-button-content-wrapper\">\n\t\t\t\t\t\t<span class=\"elementor-button-text\">Cliquez l\u00e0 \ud83d\ude42<\/span>\n\t\t<\/span>\n\t\t\t\t\t<\/a>\n\t\t<\/div>\n\t\t\t\t<\/div>\n\t\t\t\t<\/div>\n\t\t\t\t\t<\/div>\n\t\t\t\t<\/div>\n\t\t\t\t\t<\/div>\n\t\t\t\t<\/div>\n\t\t\t\t\t<\/div>\n\t\t\t\t<\/div>\n\t\t\t\t\t<\/div>\n\t\t\t\t<\/div>\n\t\t<div class=\"elementor-element elementor-element-1572c7b e-flex e-con-boxed e-con e-child\" data-id=\"1572c7b\" data-element_type=\"container\" data-settings=\"{&quot;container_type&quot;:&quot;flex&quot;,&quot;content_width&quot;:&quot;boxed&quot;}\">\n\t\t\t\t\t<div class=\"e-con-inner\">\n\t\t\t\t\t<\/div>\n\t\t\t\t<\/div>\n\t\t\t\t\t<\/div>\n\t\t\t\t<\/div>\n\t\t<div class=\"elementor-element elementor-element-634bf0c e-flex e-con-boxed e-con e-parent\" data-id=\"634bf0c\" data-element_type=\"container\" data-settings=\"{&quot;container_type&quot;:&quot;flex&quot;,&quot;content_width&quot;:&quot;boxed&quot;}\" data-core-v316-plus=\"true\">\n\t\t\t\t\t<div class=\"e-con-inner\">\n\t\t\t\t<div class=\"elementor-element elementor-element-f54508f elementor-widget-divider--view-line elementor-widget elementor-widget-divider\" data-id=\"f54508f\" data-element_type=\"widget\" data-widget_type=\"divider.default\">\n\t\t\t\t<div class=\"elementor-widget-container\">\n\t\t\t\t\t<div class=\"elementor-divider\">\n\t\t\t<span class=\"elementor-divider-separator\">\n\t\t\t\t\t\t<\/span>\n\t\t<\/div>\n\t\t\t\t<\/div>\n\t\t\t\t<\/div>\n\t\t\t\t\t<\/div>\n\t\t\t\t<\/div>\n\t\t\t\t<section class=\"elementor-section elementor-top-section elementor-element elementor-element-a2f93da elementor-section-boxed elementor-section-height-default elementor-section-height-default\" data-id=\"a2f93da\" data-element_type=\"section\">\n\t\t\t\t\t\t<div class=\"elementor-container elementor-column-gap-default\">\n\t\t\t\t\t<div class=\"elementor-column elementor-col-100 elementor-top-column elementor-element elementor-element-574dff8\" data-id=\"574dff8\" data-element_type=\"column\">\n\t\t\t<div class=\"elementor-widget-wrap elementor-element-populated\">\n\t\t\t\t\t\t\t\t<div class=\"elementor-element elementor-element-1044adc elementor-widget elementor-widget-text-editor\" data-id=\"1044adc\" data-element_type=\"widget\" data-widget_type=\"text-editor.default\">\n\t\t\t\t<div class=\"elementor-widget-container\">\n\t\t\t\t\t\t\t<p>Abonnez-vous \u00e0 la newsletter pour rester inform\u00e9(e) de toutes les actualit\u00e9s :<\/p>\t\t\t\t\t\t<\/div>\n\t\t\t\t<\/div>\n\t\t\t\t\t<\/div>\n\t\t<\/div>\n\t\t\t\t\t\t\t<\/div>\n\t\t<\/section>\n\t\t<div class=\"elementor-element elementor-element-befdfc8 e-flex e-con-boxed e-con e-parent\" data-id=\"befdfc8\" data-element_type=\"container\" data-settings=\"{&quot;container_type&quot;:&quot;flex&quot;,&quot;content_width&quot;:&quot;boxed&quot;}\" data-core-v316-plus=\"true\">\n\t\t\t\t\t<div class=\"e-con-inner\">\n\t\t\t\t<div class=\"elementor-element elementor-element-5cf8a2c elementor-widget elementor-widget-button\" data-id=\"5cf8a2c\" data-element_type=\"widget\" data-widget_type=\"button.default\">\n\t\t\t\t<div class=\"elementor-widget-container\">\n\t\t\t\t\t<div class=\"elementor-button-wrapper\">\n\t\t\t<a class=\"elementor-button elementor-button-link elementor-size-sm\" href=\"https:\/\/opheliecourtain.com\/?page_id=63\">\n\t\t\t\t\t\t<span class=\"elementor-button-content-wrapper\">\n\t\t\t\t\t\t<span class=\"elementor-button-text\">M'abonner \u00e0 la newsletter<\/span>\n\t\t<\/span>\n\t\t\t\t\t<\/a>\n\t\t<\/div>\n\t\t\t\t<\/div>\n\t\t\t\t<\/div>\n\t\t\t\t\t<\/div>\n\t\t\t\t<\/div>\n\t\t\t\t\t\t\t<\/div>\n\t\t","protected":false},"excerpt":{"rendered":"<p>PAUSE DANS LES ATELIERS J&rsquo;ai fait une pause le temps de lancer mon deuxi\u00e8me roman \u00ab\u00a0Tu n&rsquo;iras pas fleurir la mienne\u00a0\u00bb fin novembre et de finaliser une formation dans l&rsquo;autoentrepreneuriat mi d\u00e9cembre. Les ateliers reprendront tr\u00e8s prochainement (reprise pr\u00e9vue en janvier 2024) !Vous pouvez n\u00e9anmoins vous renseigner d\u00e8s \u00e0 pr\u00e9sent ci-dessous ! Pr\u00e9sentation des ateliers [&hellip;]<\/p>\n","protected":false},"author":1,"featured_media":0,"parent":0,"menu_order":0,"comment_status":"closed","ping_status":"closed","template":"","meta":{"footnotes":""},"yoast_head":"<!-- This site is optimized with the Yoast SEO plugin v21.6 - https:\/\/yoast.com\/wordpress\/plugins\/seo\/ -->\n<title>Les ateliers - Oph\u00e9lie_Courtain<\/title>\n<meta name=\"robots\" content=\"index, follow, max-snippet:-1, max-image-preview:large, max-video-preview:-1\" \/>\n<link rel=\"canonical\" href=\"https:\/\/opheliecourtain.com\/?page_id=1143\" \/>\n<meta property=\"og:locale\" content=\"fr_FR\" \/>\n<meta property=\"og:type\" content=\"article\" \/>\n<meta property=\"og:title\" content=\"Les ateliers - Oph\u00e9lie_Courtain\" \/>\n<meta property=\"og:description\" content=\"PAUSE DANS LES ATELIERS J&rsquo;ai fait une pause le temps de lancer mon deuxi\u00e8me roman \u00ab\u00a0Tu n&rsquo;iras pas fleurir la mienne\u00a0\u00bb fin novembre et de finaliser une formation dans l&rsquo;autoentrepreneuriat mi d\u00e9cembre. Les ateliers reprendront tr\u00e8s prochainement (reprise pr\u00e9vue en janvier 2024) !Vous pouvez n\u00e9anmoins vous renseigner d\u00e8s \u00e0 pr\u00e9sent ci-dessous ! Pr\u00e9sentation des ateliers [&hellip;]\" \/>\n<meta property=\"og:url\" content=\"https:\/\/opheliecourtain.com\/?page_id=1143\" \/>\n<meta property=\"og:site_name\" content=\"Oph\u00e9lie_Courtain\" \/>\n<meta property=\"article:modified_time\" content=\"2023-11-29T16:56:00+00:00\" \/>\n<meta name=\"twitter:card\" content=\"summary_large_image\" \/>\n<meta name=\"twitter:label1\" content=\"Dur\u00e9e de lecture estim\u00e9e\" \/>\n\t<meta name=\"twitter:data1\" content=\"1 minute\" \/>\n<script type=\"application\/ld+json\" class=\"yoast-schema-graph\">{\"@context\":\"https:\/\/schema.org\",\"@graph\":[{\"@type\":\"WebPage\",\"@id\":\"https:\/\/opheliecourtain.com\/?page_id=1143\",\"url\":\"https:\/\/opheliecourtain.com\/?page_id=1143\",\"name\":\"Les ateliers - Oph\u00e9lie_Courtain\",\"isPartOf\":{\"@id\":\"https:\/\/opheliecourtain.com\/#website\"},\"datePublished\":\"2023-11-28T11:43:08+00:00\",\"dateModified\":\"2023-11-29T16:56:00+00:00\",\"breadcrumb\":{\"@id\":\"https:\/\/opheliecourtain.com\/?page_id=1143#breadcrumb\"},\"inLanguage\":\"fr-FR\",\"potentialAction\":[{\"@type\":\"ReadAction\",\"target\":[\"https:\/\/opheliecourtain.com\/?page_id=1143\"]}]},{\"@type\":\"BreadcrumbList\",\"@id\":\"https:\/\/opheliecourtain.com\/?page_id=1143#breadcrumb\",\"itemListElement\":[{\"@type\":\"ListItem\",\"position\":1,\"name\":\"Accueil\",\"item\":\"https:\/\/opheliecourtain.com\/\"},{\"@type\":\"ListItem\",\"position\":2,\"name\":\"Les ateliers\"}]},{\"@type\":\"WebSite\",\"@id\":\"https:\/\/opheliecourtain.com\/#website\",\"url\":\"https:\/\/opheliecourtain.com\/\",\"name\":\"Oph\u00e9lie_Courtain\",\"description\":\"\",\"publisher\":{\"@id\":\"https:\/\/opheliecourtain.com\/#organization\"},\"potentialAction\":[{\"@type\":\"SearchAction\",\"target\":{\"@type\":\"EntryPoint\",\"urlTemplate\":\"https:\/\/opheliecourtain.com\/?s={search_term_string}\"},\"query-input\":\"required name=search_term_string\"}],\"inLanguage\":\"fr-FR\"},{\"@type\":\"Organization\",\"@id\":\"https:\/\/opheliecourtain.com\/#organization\",\"name\":\"Oph\u00e9lie_Courtain\",\"url\":\"https:\/\/opheliecourtain.com\/\",\"logo\":{\"@type\":\"ImageObject\",\"inLanguage\":\"fr-FR\",\"@id\":\"https:\/\/opheliecourtain.com\/#\/schema\/logo\/image\/\",\"url\":\"https:\/\/opheliecourtain.com\/wp-content\/uploads\/2023\/11\/cropped-Plume-logo-3.png\",\"contentUrl\":\"https:\/\/opheliecourtain.com\/wp-content\/uploads\/2023\/11\/cropped-Plume-logo-3.png\",\"width\":1253,\"height\":1179,\"caption\":\"Oph\u00e9lie_Courtain\"},\"image\":{\"@id\":\"https:\/\/opheliecourtain.com\/#\/schema\/logo\/image\/\"}}]}<\/script>\n<!-- \/ Yoast SEO plugin. -->","yoast_head_json":{"title":"Les ateliers - Oph\u00e9lie_Courtain","robots":{"index":"index","follow":"follow","max-snippet":"max-snippet:-1","max-image-preview":"max-image-preview:large","max-video-preview":"max-video-preview:-1"},"canonical":"https:\/\/opheliecourtain.com\/?page_id=1143","og_locale":"fr_FR","og_type":"article","og_title":"Les ateliers - Oph\u00e9lie_Courtain","og_description":"PAUSE DANS LES ATELIERS J&rsquo;ai fait une pause le temps de lancer mon deuxi\u00e8me roman \u00ab\u00a0Tu n&rsquo;iras pas fleurir la mienne\u00a0\u00bb fin novembre et de finaliser une formation dans l&rsquo;autoentrepreneuriat mi d\u00e9cembre. Les ateliers reprendront tr\u00e8s prochainement (reprise pr\u00e9vue en janvier 2024) !Vous pouvez n\u00e9anmoins vous renseigner d\u00e8s \u00e0 pr\u00e9sent ci-dessous ! Pr\u00e9sentation des ateliers [&hellip;]","og_url":"https:\/\/opheliecourtain.com\/?page_id=1143","og_site_name":"Oph\u00e9lie_Courtain","article_modified_time":"2023-11-29T16:56:00+00:00","twitter_card":"summary_large_image","twitter_misc":{"Dur\u00e9e de lecture estim\u00e9e":"1 minute"},"schema":{"@context":"https:\/\/schema.org","@graph":[{"@type":"WebPage","@id":"https:\/\/opheliecourtain.com\/?page_id=1143","url":"https:\/\/opheliecourtain.com\/?page_id=1143","name":"Les ateliers - Oph\u00e9lie_Courtain","isPartOf":{"@id":"https:\/\/opheliecourtain.com\/#website"},"datePublished":"2023-11-28T11:43:08+00:00","dateModified":"2023-11-29T16:56:00+00:00","breadcrumb":{"@id":"https:\/\/opheliecourtain.com\/?page_id=1143#breadcrumb"},"inLanguage":"fr-FR","potentialAction":[{"@type":"ReadAction","target":["https:\/\/opheliecourtain.com\/?page_id=1143"]}]},{"@type":"BreadcrumbList","@id":"https:\/\/opheliecourtain.com\/?page_id=1143#breadcrumb","itemListElement":[{"@type":"ListItem","position":1,"name":"Accueil","item":"https:\/\/opheliecourtain.com\/"},{"@type":"ListItem","position":2,"name":"Les ateliers"}]},{"@type":"WebSite","@id":"https:\/\/opheliecourtain.com\/#website","url":"https:\/\/opheliecourtain.com\/","name":"Oph\u00e9lie_Courtain","description":"","publisher":{"@id":"https:\/\/opheliecourtain.com\/#organization"},"potentialAction":[{"@type":"SearchAction","target":{"@type":"EntryPoint","urlTemplate":"https:\/\/opheliecourtain.com\/?s={search_term_string}"},"query-input":"required name=search_term_string"}],"inLanguage":"fr-FR"},{"@type":"Organization","@id":"https:\/\/opheliecourtain.com\/#organization","name":"Oph\u00e9lie_Courtain","url":"https:\/\/opheliecourtain.com\/","logo":{"@type":"ImageObject","inLanguage":"fr-FR","@id":"https:\/\/opheliecourtain.com\/#\/schema\/logo\/image\/","url":"https:\/\/opheliecourtain.com\/wp-content\/uploads\/2023\/11\/cropped-Plume-logo-3.png","contentUrl":"https:\/\/opheliecourtain.com\/wp-content\/uploads\/2023\/11\/cropped-Plume-logo-3.png","width":1253,"height":1179,"caption":"Oph\u00e9lie_Courtain"},"image":{"@id":"https:\/\/opheliecourtain.com\/#\/schema\/logo\/image\/"}}]}},"_links":{"self":[{"href":"https:\/\/opheliecourtain.com\/index.php?rest_route=\/wp\/v2\/pages\/1143"}],"collection":[{"href":"https:\/\/opheliecourtain.com\/index.php?rest_route=\/wp\/v2\/pages"}],"about":[{"href":"https:\/\/opheliecourtain.com\/index.php?rest_route=\/wp\/v2\/types\/page"}],"author":[{"embeddable":true,"href":"https:\/\/opheliecourtain.com\/index.php?rest_route=\/wp\/v2\/users\/1"}],"replies":[{"embeddable":true,"href":"https:\/\/opheliecourtain.com\/index.php?rest_route=%2Fwp%2Fv2%2Fcomments&post=1143"}],"version-history":[{"count":23,"href":"https:\/\/opheliecourtain.com\/index.php?rest_route=\/wp\/v2\/pages\/1143\/revisions"}],"predecessor-version":[{"id":1394,"href":"https:\/\/opheliecourtain.com\/index.php?rest_route=\/wp\/v2\/pages\/1143\/revisions\/1394"}],"wp:attachment":[{"href":"https:\/\/opheliecourtain.com\/index.php?rest_route=%2Fwp%2Fv2%2Fmedia&parent=1143"}],"curies":[{"name":"wp","href":"https:\/\/api.w.org\/{rel}","templated":true}]}}